{"id":1745,"date":"2025-03-10T20:35:20","date_gmt":"2025-03-10T20:35:20","guid":{"rendered":"https:\/\/radostprovsechny.cz\/?page_id=1745"},"modified":"2025-03-10T20:35:20","modified_gmt":"2025-03-10T20:35:20","slug":"foto-2023","status":"publish","type":"page","link":"http:\/\/radostprovsechny.cz\/?page_id=1745","title":{"rendered":"Foto 2023"},"content":{"rendered":"<h3>Souvisej\u00edc\u00ed obr\u00e1zky:<\/h3>","protected":false},"excerpt":{"rendered":"<p>Souvisej\u00edc\u00ed obr\u00e1zky:<\/p>\n","protected":false},"author":1,"featured_media":0,"parent":0,"menu_order":0,"comment_status":"closed","ping_status":"closed","template":"","meta":{"ngg_post_thumbnail":0,"footnotes":""},"class_list":["post-1745","page","type-page","status-publish","hentry"],"_links":{"self":[{"href":"http:\/\/radostprovsechny.cz\/index.php?rest_route=\/wp\/v2\/pages\/1745","targetHints":{"allow":["GET"]}}],"collection":[{"href":"http:\/\/radostprovsechny.cz\/index.php?rest_route=\/wp\/v2\/pages"}],"about":[{"href":"http:\/\/radostprovsechny.cz\/index.php?rest_route=\/wp\/v2\/types\/page"}],"author":[{"embeddable":true,"href":"http:\/\/radostprovsechny.cz\/index.php?rest_route=\/wp\/v2\/users\/1"}],"replies":[{"embeddable":true,"href":"http:\/\/radostprovsechny.cz\/index.php?rest_route=%2Fwp%2Fv2%2Fcomments&post=1745"}],"version-history":[{"count":1,"href":"http:\/\/radostprovsechny.cz\/index.php?rest_route=\/wp\/v2\/pages\/1745\/revisions"}],"predecessor-version":[{"id":1747,"href":"http:\/\/radostprovsechny.cz\/index.php?rest_route=\/wp\/v2\/pages\/1745\/revisions\/1747"}],"wp:attachment":[{"href":"http:\/\/radostprovsechny.cz\/index.php?rest_route=%2Fwp%2Fv2%2Fmedia&parent=1745"}],"curies":[{"name":"wp","href":"https:\/\/api.w.org\/{rel}","templated":true}]}}