{"id":69,"date":"2019-06-06T15:48:24","date_gmt":"2019-06-06T15:48:24","guid":{"rendered":"http:\/\/radostprovsechny.cz\/?page_id=69"},"modified":"2019-07-17T16:43:07","modified_gmt":"2019-07-17T16:43:07","slug":"nas-tym","status":"publish","type":"page","link":"http:\/\/radostprovsechny.cz\/?page_id=69","title":{"rendered":"N\u00e1\u0161 t\u00fdm"},"content":{"rendered":"\n<h3 class=\"wp-block-heading\">Petra Mich\u00e1lkov\u00e1<\/h3>\n\n\n\n<p>P\u0159edsedkyn\u011b spolku<\/p>\n\n\n\n<p><strong>Telefon:<\/strong> +420 601 106 312<\/p>\n\n\n\n<p><strong>E-mail:<\/strong> <a href=\"mailto:radostprovsechny@seznam.cz\">radostprovsechny@seznam.cz<\/a><\/p>\n\n\n\n<h3 class=\"wp-block-heading\">Mgr. Lenka \u0160trbkov\u00e1<\/h3>\n\n\n\n<p>\u010clen kontroln\u00ed komise<\/p>\n\n\n\n<h3 class=\"wp-block-heading\">Edita Sojkov\u00e1<\/h3>\n\n\n\n<p>\u010clen kontroln\u00ed komise<\/p>\n\n\n\n<h3 class=\"wp-block-heading\">Mark\u00e9ta Schneedorferov\u00e1<\/h3>\n\n\n\n<p>\u010clen kontroln\u00ed komise<\/p>\n\n\n\n<h3 class=\"wp-block-heading\">Dal\u0161\u00edch 17 nad\u0161enc\u016f<\/h3>\n\n\n\n<p>\u010c\u00edslo se pr\u016fb\u011b\u017en\u011b m\u011bn\u00ed &#8211; p\u0159ij\u010fte mezi n\u00e1s :<\/p>\n<h3>Souvisej\u00edc\u00ed obr\u00e1zky:<\/h3>","protected":false},"excerpt":{"rendered":"<p>Petra Mich\u00e1lkov\u00e1 P\u0159edsedkyn\u011b spolku Telefon: +420 601 106 312 E-mail: radostprovsechny@seznam.cz Mgr. Lenka \u0160trbkov\u00e1 \u010clen kontroln\u00ed komise Edita Sojkov\u00e1 \u010clen kontroln\u00ed komise Mark\u00e9ta Schneedorferov\u00e1 \u010clen kontroln\u00ed komise Dal\u0161\u00edch 17 nad\u0161enc\u016f \u010c\u00edslo se pr\u016fb\u011b\u017en\u011b m\u011bn\u00ed &#8211; p\u0159ij\u010fte mezi n\u00e1s : Souvisej\u00edc\u00ed obr\u00e1zky:<\/p>\n","protected":false},"author":1,"featured_media":0,"parent":0,"menu_order":0,"comment_status":"closed","ping_status":"closed","template":"","meta":{"ngg_post_thumbnail":0,"footnotes":""},"class_list":["post-69","page","type-page","status-publish","hentry"],"_links":{"self":[{"href":"http:\/\/radostprovsechny.cz\/index.php?rest_route=\/wp\/v2\/pages\/69","targetHints":{"allow":["GET"]}}],"collection":[{"href":"http:\/\/radostprovsechny.cz\/index.php?rest_route=\/wp\/v2\/pages"}],"about":[{"href":"http:\/\/radostprovsechny.cz\/index.php?rest_route=\/wp\/v2\/types\/page"}],"author":[{"embeddable":true,"href":"http:\/\/radostprovsechny.cz\/index.php?rest_route=\/wp\/v2\/users\/1"}],"replies":[{"embeddable":true,"href":"http:\/\/radostprovsechny.cz\/index.php?rest_route=%2Fwp%2Fv2%2Fcomments&post=69"}],"version-history":[{"count":4,"href":"http:\/\/radostprovsechny.cz\/index.php?rest_route=\/wp\/v2\/pages\/69\/revisions"}],"predecessor-version":[{"id":1146,"href":"http:\/\/radostprovsechny.cz\/index.php?rest_route=\/wp\/v2\/pages\/69\/revisions\/1146"}],"wp:attachment":[{"href":"http:\/\/radostprovsechny.cz\/index.php?rest_route=%2Fwp%2Fv2%2Fmedia&parent=69"}],"curies":[{"name":"wp","href":"https:\/\/api.w.org\/{rel}","templated":true}]}}