{"id":1861,"date":"2025-03-11T08:15:44","date_gmt":"2025-03-11T08:15:44","guid":{"rendered":"https:\/\/radostprovsechny.cz\/?page_id=1861"},"modified":"2025-03-11T08:18:05","modified_gmt":"2025-03-11T08:18:05","slug":"carodejnicky-slet-30-4-2017","status":"publish","type":"page","link":"https:\/\/radostprovsechny.cz\/?page_id=1861","title":{"rendered":"\u010carod\u011bjnick\u00fd slet 30.4.2017"},"content":{"rendered":"ngg_shortcode_0_placeholder\n<h3>Souvisej\u00edc\u00ed obr\u00e1zky:<\/h3>","protected":false},"excerpt":{"rendered":"<p>Souvisej\u00edc\u00ed obr\u00e1zky:<\/p>\n","protected":false},"author":1,"featured_media":1863,"parent":576,"menu_order":0,"comment_status":"closed","ping_status":"closed","template":"","meta":{"ngg_post_thumbnail":429,"footnotes":""},"class_list":["post-1861","page","type-page","status-publish","has-post-thumbnail","hentry"],"_links":{"self":[{"href":"https:\/\/radostprovsechny.cz\/index.php?rest_route=\/wp\/v2\/pages\/1861","targetHints":{"allow":["GET"]}}],"collection":[{"href":"https:\/\/radostprovsechny.cz\/index.php?rest_route=\/wp\/v2\/pages"}],"about":[{"href":"https:\/\/radostprovsechny.cz\/index.php?rest_route=\/wp\/v2\/types\/page"}],"author":[{"embeddable":true,"href":"https:\/\/radostprovsechny.cz\/index.php?rest_route=\/wp\/v2\/users\/1"}],"replies":[{"embeddable":true,"href":"https:\/\/radostprovsechny.cz\/index.php?rest_route=%2Fwp%2Fv2%2Fcomments&post=1861"}],"version-history":[{"count":1,"href":"https:\/\/radostprovsechny.cz\/index.php?rest_route=\/wp\/v2\/pages\/1861\/revisions"}],"predecessor-version":[{"id":1864,"href":"https:\/\/radostprovsechny.cz\/index.php?rest_route=\/wp\/v2\/pages\/1861\/revisions\/1864"}],"up":[{"embeddable":true,"href":"https:\/\/radostprovsechny.cz\/index.php?rest_route=\/wp\/v2\/pages\/576"}],"wp:featuredmedia":[{"embeddable":true,"href":"https:\/\/radostprovsechny.cz\/index.php?rest_route=\/wp\/v2\/media\/1863"}],"wp:attachment":[{"href":"https:\/\/radostprovsechny.cz\/index.php?rest_route=%2Fwp%2Fv2%2Fmedia&parent=1861"}],"curies":[{"name":"wp","href":"https:\/\/api.w.org\/{rel}","templated":true}]}}