{"id":1873,"date":"2025-03-11T08:31:11","date_gmt":"2025-03-11T08:31:11","guid":{"rendered":"https:\/\/radostprovsechny.cz\/?page_id=1873"},"modified":"2025-03-11T08:34:19","modified_gmt":"2025-03-11T08:34:19","slug":"kolem-kajova-kvitkuv-dvur-25-6-2017","status":"publish","type":"page","link":"https:\/\/radostprovsechny.cz\/?page_id=1873","title":{"rendered":"Kolem K\u00e1jova &#8211; Kv\u00edtk\u016fv Dv\u016fr 25.6.2017"},"content":{"rendered":"ngg_shortcode_0_placeholder\n<h3>Souvisej\u00edc\u00ed obr\u00e1zky:<\/h3>","protected":false},"excerpt":{"rendered":"<p>Souvisej\u00edc\u00ed obr\u00e1zky:<\/p>\n","protected":false},"author":1,"featured_media":1875,"parent":576,"menu_order":0,"comment_status":"closed","ping_status":"closed","template":"","meta":{"ngg_post_thumbnail":477,"footnotes":""},"class_list":["post-1873","page","type-page","status-publish","has-post-thumbnail","hentry"],"_links":{"self":[{"href":"https:\/\/radostprovsechny.cz\/index.php?rest_route=\/wp\/v2\/pages\/1873","targetHints":{"allow":["GET"]}}],"collection":[{"href":"https:\/\/radostprovsechny.cz\/index.php?rest_route=\/wp\/v2\/pages"}],"about":[{"href":"https:\/\/radostprovsechny.cz\/index.php?rest_route=\/wp\/v2\/types\/page"}],"author":[{"embeddable":true,"href":"https:\/\/radostprovsechny.cz\/index.php?rest_route=\/wp\/v2\/users\/1"}],"replies":[{"embeddable":true,"href":"https:\/\/radostprovsechny.cz\/index.php?rest_route=%2Fwp%2Fv2%2Fcomments&post=1873"}],"version-history":[{"count":1,"href":"https:\/\/radostprovsechny.cz\/index.php?rest_route=\/wp\/v2\/pages\/1873\/revisions"}],"predecessor-version":[{"id":1876,"href":"https:\/\/radostprovsechny.cz\/index.php?rest_route=\/wp\/v2\/pages\/1873\/revisions\/1876"}],"up":[{"embeddable":true,"href":"https:\/\/radostprovsechny.cz\/index.php?rest_route=\/wp\/v2\/pages\/576"}],"wp:featuredmedia":[{"embeddable":true,"href":"https:\/\/radostprovsechny.cz\/index.php?rest_route=\/wp\/v2\/media\/1875"}],"wp:attachment":[{"href":"https:\/\/radostprovsechny.cz\/index.php?rest_route=%2Fwp%2Fv2%2Fmedia&parent=1873"}],"curies":[{"name":"wp","href":"https:\/\/api.w.org\/{rel}","templated":true}]}}