{"id":1994,"date":"2025-03-11T12:31:36","date_gmt":"2025-03-11T12:31:36","guid":{"rendered":"https:\/\/radostprovsechny.cz\/?page_id=1994"},"modified":"2025-03-11T12:32:48","modified_gmt":"2025-03-11T12:32:48","slug":"siti-rousek-18-19-3-2020","status":"publish","type":"page","link":"https:\/\/radostprovsechny.cz\/?page_id=1994","title":{"rendered":"\u0160it\u00ed rou\u0161ek 18-19.3.2020"},"content":{"rendered":"ngg_shortcode_0_placeholder\n<h3>Souvisej\u00edc\u00ed obr\u00e1zky:<\/h3>","protected":false},"excerpt":{"rendered":"<p>Souvisej\u00edc\u00ed obr\u00e1zky:<\/p>\n","protected":false},"author":1,"featured_media":1996,"parent":1278,"menu_order":0,"comment_status":"closed","ping_status":"closed","template":"","meta":{"ngg_post_thumbnail":700,"footnotes":""},"class_list":["post-1994","page","type-page","status-publish","has-post-thumbnail","hentry"],"_links":{"self":[{"href":"https:\/\/radostprovsechny.cz\/index.php?rest_route=\/wp\/v2\/pages\/1994","targetHints":{"allow":["GET"]}}],"collection":[{"href":"https:\/\/radostprovsechny.cz\/index.php?rest_route=\/wp\/v2\/pages"}],"about":[{"href":"https:\/\/radostprovsechny.cz\/index.php?rest_route=\/wp\/v2\/types\/page"}],"author":[{"embeddable":true,"href":"https:\/\/radostprovsechny.cz\/index.php?rest_route=\/wp\/v2\/users\/1"}],"replies":[{"embeddable":true,"href":"https:\/\/radostprovsechny.cz\/index.php?rest_route=%2Fwp%2Fv2%2Fcomments&post=1994"}],"version-history":[{"count":1,"href":"https:\/\/radostprovsechny.cz\/index.php?rest_route=\/wp\/v2\/pages\/1994\/revisions"}],"predecessor-version":[{"id":1997,"href":"https:\/\/radostprovsechny.cz\/index.php?rest_route=\/wp\/v2\/pages\/1994\/revisions\/1997"}],"up":[{"embeddable":true,"href":"https:\/\/radostprovsechny.cz\/index.php?rest_route=\/wp\/v2\/pages\/1278"}],"wp:featuredmedia":[{"embeddable":true,"href":"https:\/\/radostprovsechny.cz\/index.php?rest_route=\/wp\/v2\/media\/1996"}],"wp:attachment":[{"href":"https:\/\/radostprovsechny.cz\/index.php?rest_route=%2Fwp%2Fv2%2Fmedia&parent=1994"}],"curies":[{"name":"wp","href":"https:\/\/api.w.org\/{rel}","templated":true}]}}